{"id":242443,"date":"2023-04-27T11:25:56","date_gmt":"2023-04-27T11:25:56","guid":{"rendered":"https:\/\/mirante.net.br\/content\/?page_id=242443"},"modified":"2023-04-28T14:34:43","modified_gmt":"2023-04-28T14:34:43","slug":"canaldedenuncias","status":"publish","type":"page","link":"https:\/\/mirante.net.br\/content\/canaldedenuncias\/","title":{"rendered":"Canal de Den\u00fancias \/ Elogios \/ Melhorias"},"content":{"rendered":"<p>[et_pb_section fb_built=&#8221;1&#8243; _builder_version=&#8221;4.17.6&#8243; _module_preset=&#8221;default&#8221; background_image=&#8221;https:\/\/mirante.net.br\/content\/wp-content\/uploads\/2022\/08\/banner-case.jpg&#8221; custom_padding=&#8221;18px|||||&#8221; global_colors_info=&#8221;{}&#8221;][et_pb_row _builder_version=&#8221;4.17.6&#8243; _module_preset=&#8221;default&#8221; global_colors_info=&#8221;{}&#8221;][et_pb_column type=&#8221;4_4&#8243; _builder_version=&#8221;4.17.6&#8243; _module_preset=&#8221;default&#8221; global_colors_info=&#8221;{}&#8221;][et_pb_image src=&#8221;https:\/\/mirante.net.br\/content\/wp-content\/uploads\/2022\/06\/logo_assina_mira-1.png&#8221; title_text=&#8221;Mirante&#8221; _builder_version=&#8221;4.17.6&#8243; _module_preset=&#8221;default&#8221; global_colors_info=&#8221;{}&#8221;][\/et_pb_image][\/et_pb_column][\/et_pb_row][\/et_pb_section][et_pb_section fb_built=&#8221;1&#8243; admin_label=&#8221;section&#8221; _builder_version=&#8221;4.17.6&#8243; background_enable_color=&#8221;off&#8221; max_width=&#8221;100%&#8221; height=&#8221;100%&#8221; custom_padding=&#8221;4px||28px|||&#8221; top_divider_color=&#8221;#192a04&#8243; top_divider_flip=&#8221;vertical&#8221; global_colors_info=&#8221;{}&#8221;][et_pb_row custom_padding_last_edited=&#8221;on|phone&#8221; admin_label=&#8221;row&#8221; _builder_version=&#8221;4.17.6&#8243; background_color=&#8221;#ffffff&#8221; background_size=&#8221;initial&#8221; background_position=&#8221;top_left&#8221; background_repeat=&#8221;repeat&#8221; width_tablet=&#8221;&#8221; width_phone=&#8221;90%&#8221; width_last_edited=&#8221;on|phone&#8221; custom_margin=&#8221;-43px|auto||auto||&#8221; custom_padding=&#8221;|22px||22px|false|false&#8221; custom_padding_tablet=&#8221;|22px||22px|false|false&#8221; custom_padding_phone=&#8221;|10px||10px|false|false&#8221; border_radii=&#8221;off|9px|9px||&#8221; global_colors_info=&#8221;{}&#8221;][et_pb_column type=&#8221;4_4&#8243; _builder_version=&#8221;4.16&#8243; custom_padding=&#8221;|||&#8221; global_colors_info=&#8221;{}&#8221; custom_padding__hover=&#8221;|||&#8221;][et_pb_text _builder_version=&#8221;4.17.6&#8243; _module_preset=&#8221;default&#8221; text_font_size=&#8221;16px&#8221; header_font=&#8221;Roboto|700|||||||&#8221; header_text_color=&#8221;#2d4700&#8243; header_font_size=&#8221;33px&#8221; custom_margin=&#8221;16px||10px|||&#8221; header_font_size_tablet=&#8221;33px&#8221; header_font_size_phone=&#8221;25px&#8221; header_font_size_last_edited=&#8221;on|phone&#8221; global_colors_info=&#8221;{}&#8221;]<\/p>\n<h1>Formul\u00e1rio de Den\u00fancias<\/h1>\n<p>[\/et_pb_text][et_pb_text _builder_version=&#8221;4.17.6&#8243; _module_preset=&#8221;default&#8221; text_font_size=&#8221;16px&#8221; global_colors_info=&#8221;{}&#8221;] Mirante disponibilizou este canal exclusivo para den\u00fancias sobre ind\u00edcios de fraudes, irregularidades, viola\u00e7\u00f5es ao C\u00f3digo de \u00c9tica e Conduta, bem como quaisquer informa\u00e7\u00f5es sobre descumprimento de regula\u00e7\u00f5es e leis aplic\u00e1veis ao neg\u00f3cio.<\/p>\n<p>As den\u00fancias relatadas, independentemente do tema ou assunto,  ser\u00e3o investigadas e tratadas com total confidencialidade e imparcialidade. Para todas as den\u00fancias recebidas \u00e9 assegurada uma an\u00e1lise tempestiva, independente, confidencial e livre de repres\u00e1lias a seus autores, por meio de  um processo estruturado  e monitorado pelos executivos da empresa.<\/p>\n<p>Caso seja a sua op\u00e7\u00e3o, ser\u00e1 assegurado o anonimato nos termos da lei. N\u00e3o obstante, \u00e9 muito importante que sejam fornecidas dados\/informa\u00e7\u00f5es consistentes para permitir a apura\u00e7\u00e3o dos fatos relatados.        <\/p>\n<p>Ressaltamos que este Canal de Den\u00fancia n\u00e3o deve ser utilizado para registro de pleitos de qualquer natureza, reclama\u00e7\u00f5es, sugest\u00f5es, elogios ou qualquer outro fim que n\u00e3o o de comunica\u00e7\u00e3o de evento considerado il\u00edcito ou em desacordo com o nosso C\u00f3digo de \u00c9tica e Conduta.[\/et_pb_text][et_pb_text _builder_version=&#8221;4.17.6&#8243; _module_preset=&#8221;default&#8221; text_text_color=&#8221;#E02B20&#8243; text_font_size=&#8221;16px&#8221; global_colors_info=&#8221;{}&#8221;]<\/p>\n<p>Por favor, descreva a situa\u00e7\u00e3o com todos os detalhes como nome da pessoa, setor, fato ocorrido, hor\u00e1rio, envolvidos. Quanto mais detalhes for relatados, a investiga\u00e7\u00e3o do ocorrido ser\u00e1 otimizada e ajudar\u00e1 na implanta\u00e7\u00e3o das melhorias.<\/p>\n<p>[\/et_pb_text][dipl_gravity_form_styler gravity_form_id=&#8221;compliance&#8221; _builder_version=&#8221;4.17.6&#8243; _module_preset=&#8221;default&#8221; global_colors_info=&#8221;{}&#8221;][\/dipl_gravity_form_styler][\/et_pb_column][\/et_pb_row][\/et_pb_section]<\/p>\n","protected":false},"excerpt":{"rendered":"<p>Formul\u00e1rio de Den\u00fancias Mirante disponibilizou este canal exclusivo para den\u00fancias sobre ind\u00edcios de fraudes, irregularidades, viola\u00e7\u00f5es ao C\u00f3digo de \u00c9tica e Conduta, bem como quaisquer informa\u00e7\u00f5es sobre descumprimento de regula\u00e7\u00f5es e leis aplic\u00e1veis ao neg\u00f3cio. As den\u00fancias relatadas, independentemente do tema ou assunto, ser\u00e3o investigadas e tratadas com total confidencialidade e imparcialidade. Para todas as [&hellip;]<\/p>\n","protected":false},"author":1,"featured_media":0,"parent":0,"menu_order":0,"comment_status":"closed","ping_status":"closed","template":"page-template-blank.php","meta":{"_et_pb_use_builder":"on","_et_pb_old_content":"","_et_gb_content_width":"","footnotes":"","_links_to":"","_links_to_target":""},"class_list":["post-242443","page","type-page","status-publish","hentry"],"_links":{"self":[{"href":"https:\/\/mirante.net.br\/content\/wp-json\/wp\/v2\/pages\/242443","targetHints":{"allow":["GET"]}}],"collection":[{"href":"https:\/\/mirante.net.br\/content\/wp-json\/wp\/v2\/pages"}],"about":[{"href":"https:\/\/mirante.net.br\/content\/wp-json\/wp\/v2\/types\/page"}],"author":[{"embeddable":true,"href":"https:\/\/mirante.net.br\/content\/wp-json\/wp\/v2\/users\/1"}],"replies":[{"embeddable":true,"href":"https:\/\/mirante.net.br\/content\/wp-json\/wp\/v2\/comments?post=242443"}],"version-history":[{"count":9,"href":"https:\/\/mirante.net.br\/content\/wp-json\/wp\/v2\/pages\/242443\/revisions"}],"predecessor-version":[{"id":242462,"href":"https:\/\/mirante.net.br\/content\/wp-json\/wp\/v2\/pages\/242443\/revisions\/242462"}],"wp:attachment":[{"href":"https:\/\/mirante.net.br\/content\/wp-json\/wp\/v2\/media?parent=242443"}],"curies":[{"name":"wp","href":"https:\/\/api.w.org\/{rel}","templated":true}]}}